{"id":7320,"date":"2024-09-20T11:58:53","date_gmt":"2024-09-20T15:58:53","guid":{"rendered":"https:\/\/engages.ca\/territorial-recognition\/"},"modified":"2025-08-21T09:19:20","modified_gmt":"2025-08-21T13:19:20","slug":"territorial-recognition","status":"publish","type":"page","link":"https:\/\/engages.ca\/en\/territorial-recognition\/","title":{"rendered":"Land acknowledgement"},"content":{"rendered":"\t\t<div data-elementor-type=\"wp-page\" data-elementor-id=\"7320\" class=\"elementor elementor-7320 elementor-7293\" data-elementor-post-type=\"page\">\n\t\t\t\t\t\t<section class=\"elementor-section elementor-top-section elementor-element elementor-element-7181b442 elementor-section-height-min-height elementor-section-boxed elementor-section-height-default elementor-section-items-middle\" data-id=\"7181b442\" data-element_type=\"section\" data-settings=\"{&quot;background_background&quot;:&quot;classic&quot;}\">\n\t\t\t\t\t\t<div class=\"elementor-container elementor-column-gap-default\">\n\t\t\t\t\t<div class=\"elementor-column elementor-col-100 elementor-top-column elementor-element elementor-element-5c04c1fc\" data-id=\"5c04c1fc\" data-element_type=\"column\">\n\t\t\t<div class=\"elementor-widget-wrap elementor-element-populated\">\n\t\t\t\t\t\t\t<\/div>\n\t\t<\/div>\n\t\t\t\t\t<\/div>\n\t\t<\/section>\n\t\t\t\t<section class=\"elementor-section elementor-top-section elementor-element elementor-element-6c8ccca9 elementor-section-boxed elementor-section-height-default elementor-section-height-default\" data-id=\"6c8ccca9\" data-element_type=\"section\">\n\t\t\t\t\t\t<div class=\"elementor-container elementor-column-gap-default\">\n\t\t\t\t\t<div class=\"elementor-column elementor-col-100 elementor-top-column elementor-element elementor-element-55ebaf02\" data-id=\"55ebaf02\" data-element_type=\"column\">\n\t\t\t<div class=\"elementor-widget-wrap elementor-element-populated\">\n\t\t\t\t\t\t<div class=\"elementor-element elementor-element-6575f4d elementor-widget elementor-widget-spacer\" data-id=\"6575f4d\" data-element_type=\"widget\" data-widget_type=\"spacer.default\">\n\t\t\t\t\t\t\t<div class=\"elementor-spacer\">\n\t\t\t<div class=\"elementor-spacer-inner\"><\/div>\n\t\t<\/div>\n\t\t\t\t\t\t<\/div>\n\t\t\t\t<div class=\"elementor-element elementor-element-6c7e95a2 elementor-widget elementor-widget-text-editor\" data-id=\"6c7e95a2\" data-element_type=\"widget\" data-widget_type=\"text-editor.default\">\n\t\t\t\t\t\t\t\t\t<span class=\"TextRun SCXW178336602 BCX0\" lang=\"FR-CA\" data-contrast=\"auto\" xml:lang=\"FR-CA\"><span class=\"NormalTextRun SCXW178336602 BCX0\">We acknowledge<\/span> <span class=\"NormalTextRun SCXW178336602 BCX0\">that Engag\u00e9s<\/span> <span class=\"NormalTextRun SCXW178336602 BCX0\">is located<\/span> <span class=\"NormalTextRun SCXW178336602 BCX0\">on unceded<\/span><span class=\"NormalTextRun SCXW178336602 BCX0\"> Indigenous lands. We recognize the  <\/span><span class=\"NormalTextRun SpellingErrorV2Themed SCXW178336602 BCX0\">Kanien&#8217;keh\u00e1:ka<\/span> <span class=\"NormalTextRun SpellingErrorV2Themed SCXW178336602 BCX0\">Nation <\/span><span class=\"NormalTextRun SpellingErrorV2Themed SCXW178336602 BCX0\">as custodians of the lands and waters <\/span><span class=\"NormalTextRun SCXW178336602 BCX0\">on which we<\/span> <span class=\"NormalTextRun SCXW178336602 BCX0\">have established<\/span> <span class=\"NormalTextRun SCXW178336602 BCX0\">our organization.<\/span> <span class=\"NormalTextRun SpellingErrorV2Themed SCXW178336602 BCX0\">Tiohti\u00e0:ke<\/span><span class=\"NormalTextRun SCXW178336602 BCX0\">\/Montr\u00e9al is historically known as a gathering place for many First Nations;<\/span> <span class=\"NormalTextRun SCXW178336602 BCX0\">today,<\/span> <span class=\"NormalTextRun SCXW178336602 BCX0\">it is<\/span> <span class=\"NormalTextRun SCXW178336602 BCX0\">home to<\/span> <span class=\"NormalTextRun SCXW178336602 BCX0\">a diverse Indigenous population<\/span> <span class=\"NormalTextRun SCXW178336602 BCX0\">as well as<\/span><span class=\"NormalTextRun SCXW178336602 BCX0\">other peoples. It is in respect for the links with the past, present and <\/span><span class=\"NormalTextRun SCXW178336602 BCX0\">future <\/span><span class=\"NormalTextRun SCXW178336602 BCX0\">that we recognize<\/span> <span class=\"NormalTextRun SCXW178336602 BCX0\">the ongoing relationships<\/span> <span class=\"NormalTextRun SCXW178336602 BCX0\">between <\/span><span class=\"NormalTextRun SCXW178336602 BCX0\">Indigenous peoples<\/span> <span class=\"NormalTextRun SCXW178336602 BCX0\">and others in the Montreal community.<\/span><\/span><span class=\"EOP SCXW178336602 BCX0\" data-ccp-props=\"{\"201341983\":0,\"335559739\":0,\"335559740\":240}\"> <\/span>\t\t\t\t\t\t\t\t<\/div>\n\t\t\t\t<div class=\"elementor-element elementor-element-ff758f6 elementor-widget elementor-widget-spacer\" data-id=\"ff758f6\" data-element_type=\"widget\" data-widget_type=\"spacer.default\">\n\t\t\t\t\t\t\t<div class=\"elementor-spacer\">\n\t\t\t<div class=\"elementor-spacer-inner\"><\/div>\n\t\t<\/div>\n\t\t\t\t\t\t<\/div>\n\t\t\t\t\t<\/div>\n\t\t<\/div>\n\t\t\t\t\t<\/div>\n\t\t<\/section>\n\t\t\t\t<\/div>\n\t\t","protected":false},"excerpt":{"rendered":"<p>We acknowledge that Engag\u00e9s is located on unceded Indigenous lands. We recognize the Kanien&#8217;keh\u00e1:ka Nation as custodians of the lands and waters on which we have established our organization. Tiohti\u00e0:ke\/Montr\u00e9al is historically known as a gathering place for many First Nations; today, it is home to a diverse Indigenous population as well asother peoples. It [&hellip;]<\/p>\n","protected":false},"author":2250,"featured_media":8098,"parent":0,"menu_order":0,"comment_status":"closed","ping_status":"closed","template":"elementor_header_footer","meta":{"_acf_changed":false,"inline_featured_image":false,"footnotes":""},"class_list":["post-7320","page","type-page","status-publish","has-post-thumbnail","hentry"],"acf":[],"yoast_head":"<!-- This site is optimized with the Yoast SEO plugin v26.2 - https:\/\/yoast.com\/wordpress\/plugins\/seo\/ -->\n<title>Land acknowledgement - Engag\u00e9s<\/title>\n<meta name=\"robots\" content=\"index, follow, max-snippet:-1, max-image-preview:large, max-video-preview:-1\" \/>\n<link rel=\"canonical\" href=\"https:\/\/engages.ca\/en\/territorial-recognition\/\" \/>\n<meta property=\"og:locale\" content=\"en_US\" \/>\n<meta property=\"og:type\" content=\"article\" \/>\n<meta property=\"og:title\" content=\"Land acknowledgement - Engag\u00e9s\" \/>\n<meta property=\"og:description\" content=\"We acknowledge that Engag\u00e9s is located on unceded Indigenous lands. We recognize the Kanien&#8217;keh\u00e1:ka Nation as custodians of the lands and waters on which we have established our organization. Tiohti\u00e0:ke\/Montr\u00e9al is historically known as a gathering place for many First Nations; today, it is home to a diverse Indigenous population as well asother peoples. It [&hellip;]\" \/>\n<meta property=\"og:url\" content=\"https:\/\/engages.ca\/en\/territorial-recognition\/\" \/>\n<meta property=\"og:site_name\" content=\"Engag\u00e9s\" \/>\n<meta property=\"article:publisher\" content=\"https:\/\/www.facebook.com\/emploisengages\/\" \/>\n<meta property=\"article:modified_time\" content=\"2025-08-21T13:19:20+00:00\" \/>\n<meta property=\"og:image\" content=\"https:\/\/engages.ca\/wp-content\/uploads\/2024\/10\/ENG_image_share_01.jpg\" \/>\n\t<meta property=\"og:image:width\" content=\"1200\" \/>\n\t<meta property=\"og:image:height\" content=\"630\" \/>\n\t<meta property=\"og:image:type\" content=\"image\/jpeg\" \/>\n<meta name=\"twitter:card\" content=\"summary_large_image\" \/>\n<script type=\"application\/ld+json\" class=\"yoast-schema-graph\">{\"@context\":\"https:\/\/schema.org\",\"@graph\":[{\"@type\":\"WebPage\",\"@id\":\"https:\/\/engages.ca\/en\/territorial-recognition\/\",\"url\":\"https:\/\/engages.ca\/en\/territorial-recognition\/\",\"name\":\"Land acknowledgement - Engag\u00e9s\",\"isPartOf\":{\"@id\":\"https:\/\/engages.ca\/en\/#website\"},\"primaryImageOfPage\":{\"@id\":\"https:\/\/engages.ca\/en\/territorial-recognition\/#primaryimage\"},\"image\":{\"@id\":\"https:\/\/engages.ca\/en\/territorial-recognition\/#primaryimage\"},\"thumbnailUrl\":\"https:\/\/engages.ca\/wp-content\/uploads\/2024\/10\/ENG_image_share_01.jpg\",\"datePublished\":\"2024-09-20T15:58:53+00:00\",\"dateModified\":\"2025-08-21T13:19:20+00:00\",\"breadcrumb\":{\"@id\":\"https:\/\/engages.ca\/en\/territorial-recognition\/#breadcrumb\"},\"inLanguage\":\"en-US\",\"potentialAction\":[{\"@type\":\"ReadAction\",\"target\":[\"https:\/\/engages.ca\/en\/territorial-recognition\/\"]}]},{\"@type\":\"ImageObject\",\"inLanguage\":\"en-US\",\"@id\":\"https:\/\/engages.ca\/en\/territorial-recognition\/#primaryimage\",\"url\":\"https:\/\/engages.ca\/wp-content\/uploads\/2024\/10\/ENG_image_share_01.jpg\",\"contentUrl\":\"https:\/\/engages.ca\/wp-content\/uploads\/2024\/10\/ENG_image_share_01.jpg\",\"width\":1200,\"height\":630},{\"@type\":\"BreadcrumbList\",\"@id\":\"https:\/\/engages.ca\/en\/territorial-recognition\/#breadcrumb\",\"itemListElement\":[{\"@type\":\"ListItem\",\"position\":1,\"name\":\"Accueil\",\"item\":\"https:\/\/engages.ca\/en\/\"},{\"@type\":\"ListItem\",\"position\":2,\"name\":\"Land acknowledgement\"}]},{\"@type\":\"WebSite\",\"@id\":\"https:\/\/engages.ca\/en\/#website\",\"url\":\"https:\/\/engages.ca\/en\/\",\"name\":\"Engag\u00e9s\",\"description\":\"Le site d&#039;embauche des OBNL\",\"publisher\":{\"@id\":\"https:\/\/engages.ca\/en\/#organization\"},\"potentialAction\":[{\"@type\":\"SearchAction\",\"target\":{\"@type\":\"EntryPoint\",\"urlTemplate\":\"https:\/\/engages.ca\/en\/?s={search_term_string}\"},\"query-input\":{\"@type\":\"PropertyValueSpecification\",\"valueRequired\":true,\"valueName\":\"search_term_string\"}}],\"inLanguage\":\"en-US\"},{\"@type\":\"Organization\",\"@id\":\"https:\/\/engages.ca\/en\/#organization\",\"name\":\"Engag\u00e9s\",\"url\":\"https:\/\/engages.ca\/en\/\",\"logo\":{\"@type\":\"ImageObject\",\"inLanguage\":\"en-US\",\"@id\":\"https:\/\/engages.ca\/en\/#\/schema\/logo\/image\/\",\"url\":\"https:\/\/engages.ca\/wp-content\/uploads\/2023\/10\/Logo-rouge.png\",\"contentUrl\":\"https:\/\/engages.ca\/wp-content\/uploads\/2023\/10\/Logo-rouge.png\",\"width\":319,\"height\":106,\"caption\":\"Engag\u00e9s\"},\"image\":{\"@id\":\"https:\/\/engages.ca\/en\/#\/schema\/logo\/image\/\"},\"sameAs\":[\"https:\/\/www.facebook.com\/emploisengages\/\",\"https:\/\/www.linkedin.com\/company\/emplois-engag-s\/\"]}]}<\/script>\n<!-- \/ Yoast SEO plugin. -->","yoast_head_json":{"title":"Land acknowledgement - Engag\u00e9s","robots":{"index":"index","follow":"follow","max-snippet":"max-snippet:-1","max-image-preview":"max-image-preview:large","max-video-preview":"max-video-preview:-1"},"canonical":"https:\/\/engages.ca\/en\/territorial-recognition\/","og_locale":"en_US","og_type":"article","og_title":"Land acknowledgement - Engag\u00e9s","og_description":"We acknowledge that Engag\u00e9s is located on unceded Indigenous lands. We recognize the Kanien&#8217;keh\u00e1:ka Nation as custodians of the lands and waters on which we have established our organization. Tiohti\u00e0:ke\/Montr\u00e9al is historically known as a gathering place for many First Nations; today, it is home to a diverse Indigenous population as well asother peoples. It [&hellip;]","og_url":"https:\/\/engages.ca\/en\/territorial-recognition\/","og_site_name":"Engag\u00e9s","article_publisher":"https:\/\/www.facebook.com\/emploisengages\/","article_modified_time":"2025-08-21T13:19:20+00:00","og_image":[{"width":1200,"height":630,"url":"https:\/\/engages.ca\/wp-content\/uploads\/2024\/10\/ENG_image_share_01.jpg","type":"image\/jpeg"}],"twitter_card":"summary_large_image","schema":{"@context":"https:\/\/schema.org","@graph":[{"@type":"WebPage","@id":"https:\/\/engages.ca\/en\/territorial-recognition\/","url":"https:\/\/engages.ca\/en\/territorial-recognition\/","name":"Land acknowledgement - Engag\u00e9s","isPartOf":{"@id":"https:\/\/engages.ca\/en\/#website"},"primaryImageOfPage":{"@id":"https:\/\/engages.ca\/en\/territorial-recognition\/#primaryimage"},"image":{"@id":"https:\/\/engages.ca\/en\/territorial-recognition\/#primaryimage"},"thumbnailUrl":"https:\/\/engages.ca\/wp-content\/uploads\/2024\/10\/ENG_image_share_01.jpg","datePublished":"2024-09-20T15:58:53+00:00","dateModified":"2025-08-21T13:19:20+00:00","breadcrumb":{"@id":"https:\/\/engages.ca\/en\/territorial-recognition\/#breadcrumb"},"inLanguage":"en-US","potentialAction":[{"@type":"ReadAction","target":["https:\/\/engages.ca\/en\/territorial-recognition\/"]}]},{"@type":"ImageObject","inLanguage":"en-US","@id":"https:\/\/engages.ca\/en\/territorial-recognition\/#primaryimage","url":"https:\/\/engages.ca\/wp-content\/uploads\/2024\/10\/ENG_image_share_01.jpg","contentUrl":"https:\/\/engages.ca\/wp-content\/uploads\/2024\/10\/ENG_image_share_01.jpg","width":1200,"height":630},{"@type":"BreadcrumbList","@id":"https:\/\/engages.ca\/en\/territorial-recognition\/#breadcrumb","itemListElement":[{"@type":"ListItem","position":1,"name":"Accueil","item":"https:\/\/engages.ca\/en\/"},{"@type":"ListItem","position":2,"name":"Land acknowledgement"}]},{"@type":"WebSite","@id":"https:\/\/engages.ca\/en\/#website","url":"https:\/\/engages.ca\/en\/","name":"Engag\u00e9s","description":"Le site d&#039;embauche des OBNL","publisher":{"@id":"https:\/\/engages.ca\/en\/#organization"},"potentialAction":[{"@type":"SearchAction","target":{"@type":"EntryPoint","urlTemplate":"https:\/\/engages.ca\/en\/?s={search_term_string}"},"query-input":{"@type":"PropertyValueSpecification","valueRequired":true,"valueName":"search_term_string"}}],"inLanguage":"en-US"},{"@type":"Organization","@id":"https:\/\/engages.ca\/en\/#organization","name":"Engag\u00e9s","url":"https:\/\/engages.ca\/en\/","logo":{"@type":"ImageObject","inLanguage":"en-US","@id":"https:\/\/engages.ca\/en\/#\/schema\/logo\/image\/","url":"https:\/\/engages.ca\/wp-content\/uploads\/2023\/10\/Logo-rouge.png","contentUrl":"https:\/\/engages.ca\/wp-content\/uploads\/2023\/10\/Logo-rouge.png","width":319,"height":106,"caption":"Engag\u00e9s"},"image":{"@id":"https:\/\/engages.ca\/en\/#\/schema\/logo\/image\/"},"sameAs":["https:\/\/www.facebook.com\/emploisengages\/","https:\/\/www.linkedin.com\/company\/emplois-engag-s\/"]}]}},"featured_image_src":"https:\/\/engages.ca\/wp-content\/uploads\/2024\/10\/ENG_image_share_01-600x400.jpg","featured_image_src_square":"https:\/\/engages.ca\/wp-content\/uploads\/2024\/10\/ENG_image_share_01-600x600.jpg","_links":{"self":[{"href":"https:\/\/engages.ca\/en\/wp-json\/wp\/v2\/pages\/7320","targetHints":{"allow":["GET"]}}],"collection":[{"href":"https:\/\/engages.ca\/en\/wp-json\/wp\/v2\/pages"}],"about":[{"href":"https:\/\/engages.ca\/en\/wp-json\/wp\/v2\/types\/page"}],"author":[{"embeddable":true,"href":"https:\/\/engages.ca\/en\/wp-json\/wp\/v2\/users\/2250"}],"replies":[{"embeddable":true,"href":"https:\/\/engages.ca\/en\/wp-json\/wp\/v2\/comments?post=7320"}],"version-history":[{"count":0,"href":"https:\/\/engages.ca\/en\/wp-json\/wp\/v2\/pages\/7320\/revisions"}],"wp:featuredmedia":[{"embeddable":true,"href":"https:\/\/engages.ca\/en\/wp-json\/wp\/v2\/media\/8098"}],"wp:attachment":[{"href":"https:\/\/engages.ca\/en\/wp-json\/wp\/v2\/media?parent=7320"}],"curies":[{"name":"wp","href":"https:\/\/api.w.org\/{rel}","templated":true}]}}